{"id":26274,"date":"2022-05-24T19:30:19","date_gmt":"2022-05-24T22:30:19","guid":{"rendered":"http:\/\/www.controlesocial.cg.df.gov.br\/?page_id=26274"},"modified":"2025-05-19T11:46:30","modified_gmt":"2025-05-19T14:46:30","slug":"projetos-na-educacao","status":"publish","type":"page","link":"https:\/\/controlesocial.cg.df.gov.br\/index.php\/projetos-na-educacao\/","title":{"rendered":"Projetos na Educa\u00e7\u00e3o"},"content":{"rendered":"<div class=\"container2\">\n<div class=\"about-me\">\n<div class=\"span-12 col-xs-12 col-md-12 col-sm-12 col-lg-12\">\n<p style=\"text-align: center;\"><span style=\"font-size: 18pt;\"><strong> Projetos na Educa\u00e7\u00e3o <\/strong><\/span><\/p>\n<hr style=\"margin-bottom: 20px; border-top: 2px solid #0061ae; width: 85%;\">\n<p>&nbsp;<\/p>\n<ul style=\"list-style: inside;\">\n<li style=\"text-align: justify;\">Controladoria nas Escolas<\/li>\n<li style=\"text-align: justify;\">De Olho na Educa\u00e7\u00e3o<\/li>\n<li style=\"text-align: justify;\">Educa\u00e7\u00e3o Fiscal EnCena<\/li>\n<\/ul>\n<p>&nbsp;<\/p>\n<p style=\"text-align: justify; margin-bottom: 1%;\">Desde 2016, a Controladoria-Geral do Distrito Federal (CGDF), por meio da Coordena\u00e7\u00e3o de Inova\u00e7\u00e3o e Controle Social (COICS) acredita que a educa\u00e7\u00e3o \u00e9 meio que possibilitar\u00e1 uma maior participa\u00e7\u00e3o da sociedade nas a\u00e7\u00f5es do governo. Por isso, nesse ano, a COICS desenvolveu um projeto que visava despertar nas crian\u00e7as e adolescentes da rede p\u00fablica de ensino, uma consci\u00eancia cidad\u00e3 e de participa\u00e7\u00e3o social.<\/p>\n<p style=\"text-align: justify; margin-bottom: 1%;\">De 2016 a 2018 o projeto foi denominado \u201cControladoria nas Escolas\u201d, no ano de 2019 passou a ser chamado de \u201cDe Olho na Educa\u00e7\u00e3o\u201d e em 2021 \u201cEduca\u00e7\u00e3o Fiscal Encena\u201d, neste \u00faltimo, o projeto foi incorporado pela equipe do Grupo de Educa\u00e7\u00e3o Fiscal, da qual a CGDF faz parte.<\/p>\n<p style=\"text-align: justify; margin-bottom: 1%;\">O projeto surgiu, no primeiro ano, com a inten\u00e7\u00e3o de ampliar a forma\u00e7\u00e3o dos alunos para o Controle Social. Eles foram capacitados para acompanhar, fiscalizar e ajudar na formula\u00e7\u00e3o de solu\u00e7\u00f5es para os problemas encontrados na escola atrav\u00e9s da Auditoria C\u00edvico-Pedag\u00f3gica que incentivava que os alunos fossem auditores da pr\u00f3pria institui\u00e7\u00e3o de ensino, abordando assim, a ess\u00eancia do Controle Social no contexto em que faziam parte.<\/p>\n<p style=\"text-align: justify; margin-bottom: 1%;\">De 2017 a 2019, com intuito de incentivar a participa\u00e7\u00e3o de mais estudantes e oferecer atividades criativas, a execu\u00e7\u00e3o do projeto ocorreu por meio de uma gincana c\u00edvica, na qual as tarefas eram pontuadas e no final da competi\u00e7\u00e3o as escolas e os professores, melhores colocados, eram premiados.<\/p>\n<p style=\"text-align: justify; margin-bottom: 1%;\">Em 2021, o projeto passou a integrar o Educa\u00e7\u00e3o Fiscal EnCena, com o prop\u00f3sito de desenvolver conte\u00fados de Fiscal de forma l\u00fadico-pedag\u00f3gica, por meio de aplicativo gamificado, integrando m\u00eddias digitais, produ\u00e7\u00e3o audiovisual e uso de metodologias ativas para gerenciamento dos processos de ensino e de aprendizagem na implementa\u00e7\u00e3o do Programa de Educa\u00e7\u00e3o Fiscal.<\/p>\n<\/div>\n<p>&nbsp;<\/p>\n<table style=\"width: 100%; max-width: 100%; border-collapse: collapse; font-family: Arial, sans-serif; font-size: 12px; text-align: left;\">\n<thead>\n<tr style=\"background-color: #007BFF; color: #ffffff;\">\n<th style=\"padding: 8px;\">Ano<\/th>\n<th style=\"padding: 8px;\">2016<\/th>\n<th style=\"padding: 8px;\">2017<\/th>\n<th style=\"padding: 8px;\">2018<\/th>\n<th style=\"padding: 8px;\">2019<\/th>\n<th style=\"padding: 8px;\">2021<\/th>\n<th style=\"padding: 8px;\">TOTAL<\/th>\n<\/tr>\n<\/thead>\n<tbody>\n<tr style=\"background-color: #e6f0ff; color: #000;\">\n<td style=\"padding: 6px;\">N\u00ba de alunos inscritos<\/td>\n<td style=\"padding: 6px;\">1.322<\/td>\n<td style=\"padding: 6px;\">4.000<\/td>\n<td style=\"padding: 6px;\">4.716<\/td>\n<td style=\"padding: 6px;\">207<\/td>\n<td style=\"padding: 6px;\">592<\/td>\n<td style=\"padding: 6px; font-weight: bold; background-color: #d9d9d9;\">10.837<\/td>\n<\/tr>\n<tr style=\"background-color: #f2f9ff; color: #000;\">\n<td style=\"padding: 6px;\">N\u00ba de professores envolvidos<\/td>\n<td style=\"padding: 6px;\">20<\/td>\n<td style=\"padding: 6px;\">280<\/td>\n<td style=\"padding: 6px;\">278<\/td>\n<td style=\"padding: 6px;\">30<\/td>\n<td style=\"padding: 6px;\">132<\/td>\n<td style=\"padding: 6px; font-weight: bold; background-color: #d9d9d9;\">740<\/td>\n<\/tr>\n<tr style=\"background-color: #e6f0ff; color: #000;\">\n<td style=\"padding: 6px;\">N\u00ba de escolas atendidas<\/td>\n<td style=\"padding: 6px;\">10<\/td>\n<td style=\"padding: 6px;\">104<\/td>\n<td style=\"padding: 6px;\">109<\/td>\n<td style=\"padding: 6px;\">08<\/td>\n<td style=\"padding: 6px;\">80<\/td>\n<td style=\"padding: 6px; font-weight: bold; background-color: #d9d9d9;\">311<\/td>\n<\/tr>\n<\/tbody>\n<\/table>\n<\/div>\n<\/div>\n<p>&nbsp;<\/p>\n<div class=\"container2\">\n<div class=\"about-me\">\n<div>\n<p style=\"text-align: center;\"><span style=\"font-size: 18pt;\"><strong> FOTOS <\/strong><\/span><\/p>\n<hr style=\"margin-bottom: 20px; border-top: 2px solid #0061ae; width: 85%;\">\n<p>&nbsp;<\/p>\n<div><a href=\"http:\/\/www.coronavirus.df.gov.br\/wp-content\/uploads\/2022\/05\/12.png\"><img decoding=\"async\" class=\"size-full wp-image-27162 aligncenter\" src=\"http:\/\/www.coronavirus.df.gov.br\/wp-content\/uploads\/2022\/05\/12.png\" alt=\"\" width=\"100%\"><\/a><\/div>\n<p>&nbsp;<\/p>\n<div><a href=\"http:\/\/www.coronavirus.df.gov.br\/wp-content\/uploads\/2022\/05\/13.png\"><img decoding=\"async\" class=\"size-full wp-image-27163 aligncenter\" src=\"http:\/\/www.coronavirus.df.gov.br\/wp-content\/uploads\/2022\/05\/13.png\" alt=\"\" width=\"100%\"><\/a><\/div>\n<\/div>\n<p>&nbsp;<\/p>\n<div><a href=\"http:\/\/www.coronavirus.df.gov.br\/wp-content\/uploads\/2022\/05\/14.png\"><img decoding=\"async\" class=\"size-full wp-image-27164 aligncenter\" src=\"http:\/\/www.coronavirus.df.gov.br\/wp-content\/uploads\/2022\/05\/14.png\" alt=\"\" width=\"100%\"><\/a><\/div>\n<p>&nbsp;<\/p>\n<div><a href=\"http:\/\/www.coronavirus.df.gov.br\/wp-content\/uploads\/2022\/05\/15.png\"><img decoding=\"async\" class=\"size-full wp-image-27166 aligncenter\" src=\"http:\/\/www.coronavirus.df.gov.br\/wp-content\/uploads\/2022\/05\/15.png\" alt=\"\" width=\"100%\"><\/a><\/div>\n<p>&nbsp;<\/p>\n<div><a href=\"http:\/\/www.coronavirus.df.gov.br\/wp-content\/uploads\/2022\/05\/16.png\"><img decoding=\"async\" class=\"size-full wp-image-27167 aligncenter\" src=\"http:\/\/www.coronavirus.df.gov.br\/wp-content\/uploads\/2022\/05\/16.png\" alt=\"\" width=\"100%\"><\/a><\/div>\n<p>&nbsp;<\/p>\n<div><a href=\"http:\/\/www.coronavirus.df.gov.br\/wp-content\/uploads\/2022\/05\/17.png\"><img decoding=\"async\" class=\"size-full wp-image-27165 aligncenter\" src=\"http:\/\/www.coronavirus.df.gov.br\/wp-content\/uploads\/2022\/05\/17.png\" alt=\"\" width=\"100%\"><\/a><\/div>\n<\/div>\n<\/div>\n<p>&nbsp;<\/p>\n<p>&nbsp;<\/p>\n<p>&nbsp;<\/p>\n","protected":false},"excerpt":{"rendered":"<p>Projetos na Educa\u00e7\u00e3o &nbsp; Controladoria nas Escolas De Olho na Educa\u00e7\u00e3o Educa\u00e7\u00e3o Fiscal EnCena &nbsp; Desde 2016, a Controladoria-Geral do Distrito Federal (CGDF), por meio da Coordena\u00e7\u00e3o de Inova\u00e7\u00e3o e Controle Social (COICS) acredita que a educa\u00e7\u00e3o \u00e9 meio que possibilitar\u00e1 uma maior participa\u00e7\u00e3o da sociedade nas a\u00e7\u00f5es do governo. Por isso, nesse ano, a [&hellip;]<\/p>\n","protected":false},"author":1,"featured_media":0,"parent":0,"menu_order":0,"comment_status":"closed","ping_status":"closed","template":"","meta":{"_acf_changed":false,"_lmt_disableupdate":"no","_lmt_disable":"","_uf_show_specific_survey":0,"_uf_disable_surveys":false,"footnotes":""},"class_list":["post-26274","page","type-page","status-publish","hentry"],"acf":[],"jetpack_sharing_enabled":true,"_links":{"self":[{"href":"https:\/\/controlesocial.cg.df.gov.br\/index.php\/wp-json\/wp\/v2\/pages\/26274","targetHints":{"allow":["GET"]}}],"collection":[{"href":"https:\/\/controlesocial.cg.df.gov.br\/index.php\/wp-json\/wp\/v2\/pages"}],"about":[{"href":"https:\/\/controlesocial.cg.df.gov.br\/index.php\/wp-json\/wp\/v2\/types\/page"}],"author":[{"embeddable":true,"href":"https:\/\/controlesocial.cg.df.gov.br\/index.php\/wp-json\/wp\/v2\/users\/1"}],"replies":[{"embeddable":true,"href":"https:\/\/controlesocial.cg.df.gov.br\/index.php\/wp-json\/wp\/v2\/comments?post=26274"}],"version-history":[{"count":11,"href":"https:\/\/controlesocial.cg.df.gov.br\/index.php\/wp-json\/wp\/v2\/pages\/26274\/revisions"}],"predecessor-version":[{"id":29022,"href":"https:\/\/controlesocial.cg.df.gov.br\/index.php\/wp-json\/wp\/v2\/pages\/26274\/revisions\/29022"}],"wp:attachment":[{"href":"https:\/\/controlesocial.cg.df.gov.br\/index.php\/wp-json\/wp\/v2\/media?parent=26274"}],"curies":[{"name":"wp","href":"https:\/\/api.w.org\/{rel}","templated":true}]}}