{"id":27336,"date":"2023-12-04T12:05:35","date_gmt":"2023-12-04T15:05:35","guid":{"rendered":"https:\/\/www.controlesocial.cg.df.gov.br\/?page_id=27336"},"modified":"2025-05-22T11:57:49","modified_gmt":"2025-05-22T14:57:49","slug":"i-premio-essencial-de-controle-social-2023","status":"publish","type":"page","link":"https:\/\/controlesocial.cg.df.gov.br\/index.php\/i-premio-essencial-de-controle-social-2023\/","title":{"rendered":"II PR\u00caMIO ESSENCIAL DE CONTROLE SOCIAL (2023)"},"content":{"rendered":"<hr style=\"margin-bottom: 20px; border-top: 2px solid #0061ae; width: 85%;\">\n<div class=\"container2\">\n<div class=\"about-me\">\n<div class=\"span-12 col-xs-12 col-md-12 col-sm-12 col-lg-12\">\n<p style=\"text-align: justify; margin-bottom: 1%;\"><strong>II Pr\u00eamio Essencial de Controle Social<\/strong><\/p>\n<p style=\"text-align: justify; margin-bottom: 1%;\">O II Pr\u00eamio Essencial de Controle Social, realizado pela Controladoria-Geral do Distrito Federal, teve o intuito de estimular estudantes universit\u00e1rios a refletirem sobre a import\u00e2ncia do acesso \u00e0 informa\u00e7\u00e3o para o exerc\u00edcio do controle social. Ap\u00f3s essa reflex\u00e3o, os estudantes elaboraram artigo com o tema: \u201c10 anos da Lei de Acesso \u00e0 Informa\u00e7\u00e3o no Distrito Federal\u201d.<\/p>\n<p style=\"text-align: justify; margin-bottom: 1%;\">Se inscreveram 26 estudantes de ensino superior do Distrito Federal, inclu\u00eddas quaisquer \u00e1reas de gradua\u00e7\u00e3o, nos graus acad\u00eamicos de bacharelado, licenciatura ou tecn\u00f3logo. E, estudantes dos cursos t\u00e9cnicos em servi\u00e7o p\u00fablico e em administra\u00e7\u00e3o.<\/p>\n<p style=\"text-align: justify; margin-bottom: 1%;\">Os tr\u00eas melhores artigos avaliados receberam premia\u00e7\u00e3o em dinheiro, sendo quatro mil reais o primeiro lugar, tr\u00eas mil reais o segundo colocado e dois mil reais o terceiro.<\/p>\n<\/div>\n<\/div>\n<\/div>\n<p>&nbsp;<\/p>\n<p>&nbsp;<\/p>\n<p style=\"text-align: center;\"><span style=\"font-size: 17pt;\"><strong> &nbsp;Universit\u00e1rios recebem Pr\u00eamio Essencial da Controladoria do DF<\/strong><\/span><\/p>\n<hr style=\"margin-bottom: 20px; border-top: 2px solid #0061ae; width: 85%;\">\n<div class=\"container2\">\n<div class=\"about-me\">\n<div class=\"span-12 col-xs-12 col-md-12 col-sm-12 col-lg-12\">\n<figure><img decoding=\"async\" width=\"100%\" class=\"aligncenter\" src=\"https:\/\/www.coronavirus.df.gov.br\/wp-content\/uploads\/2023\/12\/29.Premio-essencial-1.png\" alt=\"Universit\u00e1rios recebem Pr\u00eamio Essencial da Controladoria do DF<\/figcaption><\/figure>\n<p style=\"> <em style=\" font-size: 12px;\">Participantes ganharam trof\u00e9us e R$ 9 mil em premia\u00e7\u00f5es de artigos escritos sobre os dez anos da Lei de Acesso \u00e0 Informa\u00e7\u00e3o no DF<\/em><\/p>\n<p>&nbsp;<\/p>\n<p style=\"text-align: justify; margin-bottom: 1%;\">\u201cNeste ano celebramos os dez anos de vig\u00eancia da Lei de Acesso \u00e0 Informa\u00e7\u00e3o no DF e \u00e9 um momento importante para ouvirmos da sociedade o entendimento sobre a aplica\u00e7\u00e3o da LAI e o que ela nos trouxe nessa \u00faltima d\u00e9cada, especialmente daqueles que est\u00e3o construindo e pensando o futuro\u201d, afirmou o controlador-geral do DF, Daniel Lima.<\/p>\n<p style=\"text-align: justify; margin-bottom: 1%;\">A subcontroladora de Transpar\u00eancia e Controle Social da CGDF, Rejane Vaz, destacou a import\u00e2ncia da premia\u00e7\u00e3o. \u201cO Pr\u00eamio foi pensado com o objetivo de fomentar o tema Controle Social principalmente dentro das universidades. Assim a gente leva o conhecimento para pontos focais, que s\u00e3o aqueles que est\u00e3o em processo de forma\u00e7\u00e3o e que poder\u00e3o disseminar o conhecimento adquirido para outros agentes da sociedade\u201d, pontuou.<\/p>\n<p>&nbsp;<\/p>\n<figure><img decoding=\"async\" width=\"100%\" class=\"aligncenter\" src=\"https:\/\/www.coronavirus.df.gov.br\/wp-content\/uploads\/2023\/12\/29.Premio-essencial-2.png\" alt=\"Elephant at sunset\"><figcaption><\/figcaption><\/figure>\n<\/figure>\n<p>&nbsp;<\/p>\n<\/div>\n<\/div>\n<div class=\"about-me\">\n<div class=\"span-12 col-xs-12 col-md-12 col-sm-12 col-lg-12\">\n<p style=\"text-align: justify; margin-bottom: 1%;\"><strong>Premiados<\/strong><\/p>\n<p style=\"text-align: justify; margin-bottom: 1%;\">A vencedora do pr\u00eamio, Maria Patr\u00edcia Soares Tomaz, cursa T\u00e9cnico em Servi\u00e7o P\u00fablico no Instituto Federal de Bras\u00edlia (IFB) e disse que escolheu participar do pr\u00eamio por conta do tema do ano: \u201cO assunto \u00e9 muito interessante e no meu artigo eu falei sobre a transpar\u00eancia passiva e ativa dos \u00f3rg\u00e3os\u201d. Com o artigo O Governo do Distrito Federal e a Lei de Acesso \u00e0 Informa\u00e7\u00e3o: um direito fundamental, ela recebeu R$ 4 mil, mas destacou que \u201cmuito al\u00e9m do valor recebido, fica o conhecimento adquirido durante a pesquisa\u201d.<\/p>\n<p style=\"text-align: justify; margin-bottom: 1%;\">O segundo lugar ficou para Carlos Alexandre Alves da Cunha e o terceiro, para Juscelina Carvalho Nobre de Andrade. Cada um ganhou, respectivamente, R$ 3 mil e R$ 2 mil, al\u00e9m do trof\u00e9u Pr\u00eamio Essencial. Carlos Alexandre, universit\u00e1rio do curso de Direito da Faculdades Integradas \u2013 Upis, parabenizou a iniciativa da Controladoria: \u201cO pr\u00eamio estimula o jovem acad\u00eamico a estudar mais sobre a transpar\u00eancia p\u00fablica e como acompanhar de perto as a\u00e7\u00f5es do governo\u201d.<\/p>\n<p style=\"text-align: justify; margin-bottom: 1%;\">A estudante de Pedagogia na Universidade Cat\u00f3lica de Bras\u00edlia Juscelina Carvalhos Nobre de Andrade, que ficou em terceiro lugar, disse que a sua inscri\u00e7\u00e3o foi motivada pela universidade, mas que gostou muito de ter lido sobre o assunto. \u201cFoi interessante fazer a pesquisa e descobrir que os \u00f3rg\u00e3os do DF t\u00eam bastante informa\u00e7\u00e3o sobre a Lei de Acesso \u00e0 Informa\u00e7\u00e3o. Foi bom saber que o DF est\u00e1 empenhado em disseminar o controle social para o cidad\u00e3o\u201d, comentou.<\/p>\n<\/div>\n<\/div>\n<\/div>\n<p>&nbsp;<\/p>\n<p>&nbsp;<\/p>\n","protected":false},"excerpt":{"rendered":"<p>II Pr\u00eamio Essencial de Controle Social O II Pr\u00eamio Essencial de Controle Social, realizado pela Controladoria-Geral do Distrito Federal, teve o intuito de estimular estudantes universit\u00e1rios a refletirem sobre a import\u00e2ncia do acesso \u00e0 informa\u00e7\u00e3o para o exerc\u00edcio do controle social. Ap\u00f3s essa reflex\u00e3o, os estudantes elaboraram artigo com o tema: \u201c10 anos da Lei [&hellip;]<\/p>\n","protected":false},"author":1,"featured_media":0,"parent":0,"menu_order":0,"comment_status":"closed","ping_status":"closed","template":"","meta":{"_acf_changed":false,"_lmt_disableupdate":"","_lmt_disable":"","_uf_show_specific_survey":0,"_uf_disable_surveys":false,"footnotes":""},"class_list":["post-27336","page","type-page","status-publish","hentry"],"acf":[],"jetpack_sharing_enabled":true,"_links":{"self":[{"href":"https:\/\/controlesocial.cg.df.gov.br\/index.php\/wp-json\/wp\/v2\/pages\/27336","targetHints":{"allow":["GET"]}}],"collection":[{"href":"https:\/\/controlesocial.cg.df.gov.br\/index.php\/wp-json\/wp\/v2\/pages"}],"about":[{"href":"https:\/\/controlesocial.cg.df.gov.br\/index.php\/wp-json\/wp\/v2\/types\/page"}],"author":[{"embeddable":true,"href":"https:\/\/controlesocial.cg.df.gov.br\/index.php\/wp-json\/wp\/v2\/users\/1"}],"replies":[{"embeddable":true,"href":"https:\/\/controlesocial.cg.df.gov.br\/index.php\/wp-json\/wp\/v2\/comments?post=27336"}],"version-history":[{"count":17,"href":"https:\/\/controlesocial.cg.df.gov.br\/index.php\/wp-json\/wp\/v2\/pages\/27336\/revisions"}],"predecessor-version":[{"id":29029,"href":"https:\/\/controlesocial.cg.df.gov.br\/index.php\/wp-json\/wp\/v2\/pages\/27336\/revisions\/29029"}],"wp:attachment":[{"href":"https:\/\/controlesocial.cg.df.gov.br\/index.php\/wp-json\/wp\/v2\/media?parent=27336"}],"curies":[{"name":"wp","href":"https:\/\/api.w.org\/{rel}","templated":true}]}}