{"id":27487,"date":"2023-12-28T11:26:11","date_gmt":"2023-12-28T14:26:11","guid":{"rendered":"https:\/\/www.controlesocial.cg.df.gov.br\/?page_id=27487"},"modified":"2023-12-28T11:26:14","modified_gmt":"2023-12-28T14:26:14","slug":"sobre","status":"publish","type":"page","link":"https:\/\/controlesocial.cg.df.gov.br\/index.php\/sobre\/","title":{"rendered":"Sobre"},"content":{"rendered":"<hr style=\"margin-bottom: 20px; border-top: 2px solid #0061ae; width: 85%;\">\n<div class=\"container2\">\n<div class=\"about-me\">\n<div class=\"span-12 col-xs-12 col-md-12 col-sm-12 col-lg-12\">\n<p style=\"text-align: justify;\">&nbsp;&nbsp;&nbsp;&nbsp;A Coordena\u00e7\u00e3o de Inova\u00e7\u00e3o e Controle Social (COICS) comp\u00f5e a Subcontroladoria de Transpar\u00eancia e Controle Social (SUBTC) da Controladoria-Geral do Distrito Federal (CGDF) foi institu\u00edda em 2011 e inicialmente chamava-se apenas Coordena\u00e7\u00e3o de Controle Social.<\/p>\n<p>&nbsp;<\/p>\n<p style=\"text-align: justify;\">&nbsp;&nbsp;&nbsp;&nbsp;Ao longo dos anos, foram elaboradas algumas a\u00e7\u00f5es, programas e projetos pensando no fortalecimento do controle social e da intera\u00e7\u00e3o entre sociedade e governo. A inten\u00e7\u00e3o \u00e9 que as pessoas entendam que suas a\u00e7\u00f5es s\u00e3o fundamentais para que os servi\u00e7os prestados pelo governo sejam eficientes e atinjam a popula\u00e7\u00e3o que precisa deles. O objetivo \u00e9 unir for\u00e7as entre sociedade e governo para uma gest\u00e3o mais democr\u00e1tica e livre de corrup\u00e7\u00e3o.<\/p>\n<p>&nbsp;<\/p>\n<p style=\"text-align: justify;\">&nbsp;&nbsp;&nbsp;&nbsp;Buscamos trabalhar com transpar\u00eancia, sempre debatendo e desenvolvendo novas ideias e conceitos sobre a participa\u00e7\u00e3o social no acompanhamento e controle da gest\u00e3o p\u00fablica.<\/p>\n<p>&nbsp;<\/p>\n<p style=\"text-align: justify;\"><strong>O que \u00e9 o Controle Social?<\/strong><\/p>\n<p>&nbsp;<\/p>\n<p style=\"text-align: justify;\">&nbsp;&nbsp;&nbsp;&nbsp;\u00c9 a participa\u00e7\u00e3o e o exerc\u00edcio dos direitos e deveres dos cidad\u00e3os de fiscalizar, controlar, influenciar e contestar as a\u00e7\u00f5es e atos da administra\u00e7\u00e3o no ente p\u00fablico.<\/p>\n<p>&nbsp;<\/p>\n<p style=\"text-align: justify;\"><strong>Como exercer o Controle Social?<\/strong><\/p>\n<p>&nbsp;<\/p>\n<p style=\"text-align: justify;\">&nbsp;&nbsp;&nbsp;&nbsp;Alguns instrumentos que auxiliam no exerc\u00edcio do Controle Social: Ouvidorias, Audi\u00eancias e Confer\u00eancias P\u00fablicas, Manifesta\u00e7\u00f5es, Peti\u00e7\u00f5es, Conselhos, formas de den\u00fancia nos Minist\u00e9rios P\u00fablicos, Projetos de Lei, Lei de Acesso \u00e0 Informa\u00e7\u00e3o, Portal da Transpar\u00eancia Portal de Dados Abertos e tantos outros mecanismos que est\u00e3o presentes no Estado e na Sociedade Civil brasileira.<\/p>\n<p>&nbsp;<\/p>\n<p style=\"text-align: justify;\"><strong>Porque eu devo participar?<\/strong><\/p>\n<p>&nbsp;<\/p>\n<p style=\"text-align: justify;\">&nbsp;&nbsp;&nbsp;&nbsp;Porque a sua participa\u00e7\u00e3o possibilita a constru\u00e7\u00e3o de uma sociedade mais justa e livre de corrup\u00e7\u00e3o e, assim, melhorar a qualidade dos servi\u00e7os p\u00fablicos ofertados e fortalecer a cidadania.<\/p>\n<p>&nbsp;<br \/>\n&nbsp;<\/p>\n<p style=\"text-align: center; font-size:25px;\"><strong>QUEM SOMOS:<\/strong><\/p>\n<hr style=\"margin-bottom: 20px; border-top: 2px solid #0061ae; width: 85%;\">\n<p>&nbsp;<\/p>\n<p style=\"text-align: justify;\"><strong>Coordena\u00e7\u00e3o de Inova\u00e7\u00e3o e Controle Social<\/strong><\/p>\n<p style=\"text-align: justify;\">Subcontroladoria de Transpar\u00eancia e Controle Social<\/p>\n<p style=\"text-align: justify;\"><em>Controladoria-Geral do DF<\/em><\/p>\n<p style=\"text-align: justify;\">Tel: (61) 2108-3281<\/p>\n<p style=\"text-align: justify;\">E-mail: <span style=\"color:#00BBFF; text-decoration:underline;\">controlesocial@cg.df.gov.br<\/span><\/p>\n<p>&nbsp;<\/p>\n<p style=\"text-align: justify;\"><strong>Coordenadora de Inova\u00e7\u00e3o e Controle Social<\/strong><\/p>\n<p style=\"text-align: justify;\">Carolina Galdino Soares<\/p>\n<p style=\"text-align: justify;\">Tel: (61) 2108-3281<\/p>\n<p style=\"text-align: justify;\">E-mail: <span style=\"color:#00BBFF; text-decoration:underline;\">carolina.soares@cg.df.gov.br<\/span><\/p>\n<p>&nbsp;<\/p>\n<p style=\"text-align: justify;\"><strong>Diretora de Fomento ao Controle Social<\/strong><\/p>\n<p style=\"text-align: justify;\">Liliane Barbosa Pereira<\/p>\n<p style=\"text-align: justify;\">Tel: (61) 2108-3209<\/p>\n<p style=\"text-align: justify;\">E-mail: <span style=\"color:#00BBFF; text-decoration:underline;\">liliane.pereira@cg.df.gov.br<\/span><\/p>\n<p>&nbsp;<\/p>\n<p style=\"text-align: justify;\"><strong>Diretor de Projetos e Apoio \u00e0 Inova\u00e7\u00e3o<\/strong><\/p>\n<p style=\"text-align: justify;\">Frederico Arag\u00e3o Veras<\/p>\n<p style=\"text-align: justify;\">Tel: (61) 2108-3298<\/p>\n<p style=\"text-align: justify;\">E-mail: <span style=\"color:#00BBFF; text-decoration:underline;\">frederico.veras@cg.df.gov.br<\/span><\/p>\n<p>&nbsp;<\/p>\n<\/div>\n<\/div>\n<\/div>\n","protected":false},"excerpt":{"rendered":"<p>&nbsp;&nbsp;&nbsp;&nbsp;A Coordena\u00e7\u00e3o de Inova\u00e7\u00e3o e Controle Social (COICS) comp\u00f5e a Subcontroladoria de Transpar\u00eancia e Controle Social (SUBTC) da Controladoria-Geral do Distrito Federal (CGDF) foi institu\u00edda em 2011 e inicialmente chamava-se apenas Coordena\u00e7\u00e3o de Controle Social. &nbsp; &nbsp;&nbsp;&nbsp;&nbsp;Ao longo dos anos, foram elaboradas algumas a\u00e7\u00f5es, programas e projetos pensando no fortalecimento do controle social e da [&hellip;]<\/p>\n","protected":false},"author":19,"featured_media":0,"parent":0,"menu_order":0,"comment_status":"closed","ping_status":"closed","template":"","meta":{"_acf_changed":false,"_lmt_disableupdate":"","_lmt_disable":"","_uf_show_specific_survey":0,"_uf_disable_surveys":false,"footnotes":""},"class_list":["post-27487","page","type-page","status-publish","hentry"],"acf":[],"jetpack_sharing_enabled":true,"_links":{"self":[{"href":"https:\/\/controlesocial.cg.df.gov.br\/index.php\/wp-json\/wp\/v2\/pages\/27487","targetHints":{"allow":["GET"]}}],"collection":[{"href":"https:\/\/controlesocial.cg.df.gov.br\/index.php\/wp-json\/wp\/v2\/pages"}],"about":[{"href":"https:\/\/controlesocial.cg.df.gov.br\/index.php\/wp-json\/wp\/v2\/types\/page"}],"author":[{"embeddable":true,"href":"https:\/\/controlesocial.cg.df.gov.br\/index.php\/wp-json\/wp\/v2\/users\/19"}],"replies":[{"embeddable":true,"href":"https:\/\/controlesocial.cg.df.gov.br\/index.php\/wp-json\/wp\/v2\/comments?post=27487"}],"version-history":[{"count":14,"href":"https:\/\/controlesocial.cg.df.gov.br\/index.php\/wp-json\/wp\/v2\/pages\/27487\/revisions"}],"predecessor-version":[{"id":27501,"href":"https:\/\/controlesocial.cg.df.gov.br\/index.php\/wp-json\/wp\/v2\/pages\/27487\/revisions\/27501"}],"wp:attachment":[{"href":"https:\/\/controlesocial.cg.df.gov.br\/index.php\/wp-json\/wp\/v2\/media?parent=27487"}],"curies":[{"name":"wp","href":"https:\/\/api.w.org\/{rel}","templated":true}]}}