{"id":27503,"date":"2023-12-28T12:46:48","date_gmt":"2023-12-28T15:46:48","guid":{"rendered":"https:\/\/www.controlesocial.cg.df.gov.br\/?page_id=27503"},"modified":"2024-01-09T09:32:31","modified_gmt":"2024-01-09T12:32:31","slug":"curso-entendendo-o-controle-social","status":"publish","type":"page","link":"https:\/\/controlesocial.cg.df.gov.br\/index.php\/curso-entendendo-o-controle-social\/","title":{"rendered":"Curso Entendendo o Controle Social"},"content":{"rendered":"<style type=\"text\/css\">td{border:1px solid black;padding:10px;}<\/style>\n<hr style=\"margin-bottom: 20px; border-top: 2px solid #0061ae; width: 85%;\">\n<div style=\"text-align:center;\">\n<img decoding=\"async\" style=\"width:50%;\" src=\"https:\/\/www.coronavirus.df.gov.br\/wp-content\/uploads\/2022\/05\/2.png\"><\/div>\n<hr style=\"margin-bottom: 20px; border-top: 2px solid #0061ae; width: 85%;\">\n<div class=\"container2\">\n<div class=\"about-me\">\n<div class=\"span-12 col-xs-12 col-md-12 col-sm-12 col-lg-12\">\n<p style=\"text-align: justify;\"><strong>IN\u00cdCIO DO CURSO<\/strong><\/p>\n<p>&nbsp;<\/p>\n<p style=\"text-align: justify;\">O curso: Entendendo o Controle Social &#8211; Turma 1\/2024, ser\u00e1 realizado no per\u00edodo de 15\/01\/2024 a 15\/02\/2024, de modo ass\u00edncrono, no Ambiente Virtual de Aprendizagem (AVA).<\/p>\n<p>&nbsp;<\/p>\n<p style=\"text-align: justify;\">Lembramos que ao fazer a inscri\u00e7\u00e3o voc\u00ea se comprometeu \u00e0:<\/p>\n<p>&nbsp;<\/p>\n<p style=\"text-align: justify; margin-left:15px;\">\u2022\tAcessar o AVA para realizar o curso\/atividade;<\/p>\n<p style=\"text-align: justify; margin-left:15px;\">\u2022\tParticipar do curso\/atividade de acordo com a programa\u00e7\u00e3o definida;<\/p>\n<p style=\"text-align: justify; margin-left:15px;\">\u2022\tRealizar todas as atividades avaliativas previstas na apresenta\u00e7\u00e3o do curso;<\/p>\n<p style=\"text-align: justify; margin-left:15px;\">\u2022\tObter m\u00e9dia de, no m\u00ednimo, 70 (setenta) pontos de um total de 100 (cem) pontos, no conjunto de atividades avaliativas;<\/p>\n<p style=\"text-align: justify; margin-left:15px;\">\u2022\tCumprir as normas estabelecidas pela Escola de Governo do Distrito Federal.<\/p>\n<p>&nbsp;<\/p>\n<p style=\"text-align: justify;\">Ressaltamos que o curso\/atividade estar\u00e1 dispon\u00edvel somente a partir do primeiro dia do per\u00edodo de realiza\u00e7\u00e3o indicado, quando ser\u00e3o enviadas para o seu e-mail as instru\u00e7\u00f5es de acesso ao AVA. Caso no dia do in\u00edcio do curso n\u00e3o receba as instru\u00e7\u00f5es de acesso, entrar em contato pelo <span style=\"text-decoration:underline;\">ead.egov@economia.df.gov.br<\/span> ou por telefone 3344.0096.<\/p>\n<p>&nbsp;<\/p>\n<p style=\"text-align: justify;\">E para quem vai vivenciar pela primeira vez a modalidade de aprendizagem virtual, a Escola de Governo elaborou sete dicas para cursos a dist\u00e2ncia, orienta\u00e7\u00f5es importantes para a condu\u00e7\u00e3o de um auto aprendizado eficiente e significativo:<\/p>\n<p>&nbsp;<\/p>\n<p style=\"text-align: justify;\"><img decoding=\"async\" src=\"https:\/\/www.controlesocial.cg.df.gov.br\/wp-content\/uploads\/icon-1.png\" width=\"40px\" style=\"margin-right:10px; \"><strong>1) ORGANIZE SUA ROTINA DE ESTUDO<\/strong> \u2013 Tenha um local apropriado e reserve dias e hor\u00e1rios para leitura do conte\u00fado e realiza\u00e7\u00e3o de atividades;<\/p>\n<p>&nbsp;<\/p>\n<p style=\"text-align: justify;\"><img decoding=\"async\" src=\"https:\/\/www.controlesocial.cg.df.gov.br\/wp-content\/uploads\/icon-2.png\" width=\"40px\" style=\"margin-right:10px; \"><strong>2) SEJA DISCIPLINADO<\/strong> \u2013 Concentre-se nos estudos e fuja de distra\u00e7\u00f5es;<\/p>\n<p>&nbsp;<\/p>\n<p style=\"text-align: justify;\"><img decoding=\"async\" src=\"https:\/\/www.controlesocial.cg.df.gov.br\/wp-content\/uploads\/icon-3.png\" width=\"40px\" style=\"margin-right:10px; \"><strong>3) LEIA ATENTAMENTE AS INSTRU\u00c7\u00d5ES INICIAIS E AS GUIAS<\/strong> \u2013 Na p\u00e1gina inicial do curso, est\u00e3o a Apresenta\u00e7\u00e3o do Curso e o Guia de Navega\u00e7\u00e3o;<\/p>\n<p>&nbsp;<\/p>\n<p style=\"text-align: justify;\"><img decoding=\"async\" src=\"https:\/\/www.controlesocial.cg.df.gov.br\/wp-content\/uploads\/icon-4.png\" width=\"40px\" style=\"margin-right:10px; \"><strong>4) ESTEJA ATENTO \u00c0S DATAS E AOS PRAZOS<\/strong> \u2013 Cada curso tem um per\u00edodo determinado para realiza\u00e7\u00e3o. \u00c9 importante que todas as atividades sejam feitas at\u00e9 o \u00faltimo dia do curso;<\/p>\n<p>&nbsp;<\/p>\n<p style=\"text-align: justify;\"><img decoding=\"async\" src=\"https:\/\/www.controlesocial.cg.df.gov.br\/wp-content\/uploads\/icon-5.jpg\" width=\"40px\" style=\"margin-right:10px; \"><strong>5) CONSTRUA SEU CONHECIMENTO<\/strong> \u2013 Para fixa\u00e7\u00e3o do conte\u00fado, fa\u00e7a seus pr\u00f3prios resumos, esquemas, mapas mentais etc.;<\/p>\n<p>&nbsp;<\/p>\n<p style=\"text-align: justify;\"><img decoding=\"async\" src=\"https:\/\/www.controlesocial.cg.df.gov.br\/wp-content\/uploads\/icon-6.jpg\" width=\"40px\" style=\"margin-right:10px; \"><strong>6) COMPARTILHE SEU APRENDIZADO<\/strong> \u2013 Ao compartilhar seu aprendizado, voc\u00ea fixa melhor o conte\u00fado;<\/p>\n<p>&nbsp;<\/p>\n<p style=\"text-align: justify;\"><img decoding=\"async\" src=\"https:\/\/www.controlesocial.cg.df.gov.br\/wp-content\/uploads\/icon-7.png\" width=\"40px\" style=\"margin-right:10px; \"><strong>7) PONHA EM PR\u00c1TICA<\/strong> \u2013 O conhecimento s\u00f3 tem valor se for colocado em pr\u00e1tica.<\/p>\n<p>&nbsp;<\/p>\n<p style=\"text-align: justify;\">Para entrar no AVA da EGOV, acesse o link: <a href=\"http:\/\/egov.df.gov.br\/ambiente-virtual\/\" target=\"_blank\" rel=\"noopener\">http:\/\/egov.df.gov.br\/ambiente-virtual\/<\/a>.<\/p>\n<p>&nbsp;<\/p>\n<p style=\"text-align: justify;\">Bons estudos!<\/p>\n<p>&nbsp;<\/p>\n<\/div>\n<\/div>\n<\/div>\n","protected":false},"excerpt":{"rendered":"<p>IN\u00cdCIO DO CURSO &nbsp; O curso: Entendendo o Controle Social &#8211; Turma 1\/2024, ser\u00e1 realizado no per\u00edodo de 15\/01\/2024 a 15\/02\/2024, de modo ass\u00edncrono, no Ambiente Virtual de Aprendizagem (AVA). &nbsp; Lembramos que ao fazer a inscri\u00e7\u00e3o voc\u00ea se comprometeu \u00e0: &nbsp; \u2022 Acessar o AVA para realizar o curso\/atividade; \u2022 Participar do curso\/atividade de [&hellip;]<\/p>\n","protected":false},"author":19,"featured_media":0,"parent":0,"menu_order":0,"comment_status":"closed","ping_status":"closed","template":"","meta":{"_acf_changed":false,"_lmt_disableupdate":"","_lmt_disable":"","_uf_show_specific_survey":0,"_uf_disable_surveys":false,"footnotes":""},"class_list":["post-27503","page","type-page","status-publish","hentry"],"acf":[],"jetpack_sharing_enabled":true,"_links":{"self":[{"href":"https:\/\/controlesocial.cg.df.gov.br\/index.php\/wp-json\/wp\/v2\/pages\/27503","targetHints":{"allow":["GET"]}}],"collection":[{"href":"https:\/\/controlesocial.cg.df.gov.br\/index.php\/wp-json\/wp\/v2\/pages"}],"about":[{"href":"https:\/\/controlesocial.cg.df.gov.br\/index.php\/wp-json\/wp\/v2\/types\/page"}],"author":[{"embeddable":true,"href":"https:\/\/controlesocial.cg.df.gov.br\/index.php\/wp-json\/wp\/v2\/users\/19"}],"replies":[{"embeddable":true,"href":"https:\/\/controlesocial.cg.df.gov.br\/index.php\/wp-json\/wp\/v2\/comments?post=27503"}],"version-history":[{"count":29,"href":"https:\/\/controlesocial.cg.df.gov.br\/index.php\/wp-json\/wp\/v2\/pages\/27503\/revisions"}],"predecessor-version":[{"id":27578,"href":"https:\/\/controlesocial.cg.df.gov.br\/index.php\/wp-json\/wp\/v2\/pages\/27503\/revisions\/27578"}],"wp:attachment":[{"href":"https:\/\/controlesocial.cg.df.gov.br\/index.php\/wp-json\/wp\/v2\/media?parent=27503"}],"curies":[{"name":"wp","href":"https:\/\/api.w.org\/{rel}","templated":true}]}}