{"id":28990,"date":"2025-05-13T11:56:17","date_gmt":"2025-05-13T14:56:17","guid":{"rendered":"https:\/\/controlesocial.cg.df.gov.br\/?page_id=28990"},"modified":"2025-05-13T11:56:31","modified_gmt":"2025-05-13T14:56:31","slug":"minuto-do-controle-lei-de-acesso-a-informacao","status":"publish","type":"page","link":"https:\/\/controlesocial.cg.df.gov.br\/index.php\/minuto-do-controle-lei-de-acesso-a-informacao\/","title":{"rendered":"Minuto do Controle &#8211; Lei de Acesso \u00e0 Informa\u00e7\u00e3o"},"content":{"rendered":"","protected":false},"excerpt":{"rendered":"","protected":false},"author":19,"featured_media":0,"parent":0,"menu_order":0,"comment_status":"closed","ping_status":"closed","template":"lei-informacao.php","meta":{"_acf_changed":false,"_lmt_disableupdate":"","_lmt_disable":"","_uf_show_specific_survey":0,"_uf_disable_surveys":false,"footnotes":""},"class_list":["post-28990","page","type-page","status-publish","hentry"],"acf":[],"jetpack_sharing_enabled":true,"_links":{"self":[{"href":"https:\/\/controlesocial.cg.df.gov.br\/index.php\/wp-json\/wp\/v2\/pages\/28990","targetHints":{"allow":["GET"]}}],"collection":[{"href":"https:\/\/controlesocial.cg.df.gov.br\/index.php\/wp-json\/wp\/v2\/pages"}],"about":[{"href":"https:\/\/controlesocial.cg.df.gov.br\/index.php\/wp-json\/wp\/v2\/types\/page"}],"author":[{"embeddable":true,"href":"https:\/\/controlesocial.cg.df.gov.br\/index.php\/wp-json\/wp\/v2\/users\/19"}],"replies":[{"embeddable":true,"href":"https:\/\/controlesocial.cg.df.gov.br\/index.php\/wp-json\/wp\/v2\/comments?post=28990"}],"version-history":[{"count":1,"href":"https:\/\/controlesocial.cg.df.gov.br\/index.php\/wp-json\/wp\/v2\/pages\/28990\/revisions"}],"predecessor-version":[{"id":28991,"href":"https:\/\/controlesocial.cg.df.gov.br\/index.php\/wp-json\/wp\/v2\/pages\/28990\/revisions\/28991"}],"wp:attachment":[{"href":"https:\/\/controlesocial.cg.df.gov.br\/index.php\/wp-json\/wp\/v2\/media?parent=28990"}],"curies":[{"name":"wp","href":"https:\/\/api.w.org\/{rel}","templated":true}]}}